{"id":936,"date":"2023-08-02T12:26:24","date_gmt":"2023-08-02T10:26:24","guid":{"rendered":"https:\/\/www.holzstuebli.de\/?page_id=936"},"modified":"2025-08-28T09:06:34","modified_gmt":"2025-08-28T07:06:34","slug":"freunde","status":"publish","type":"page","link":"https:\/\/www.holzstuebli.de\/?page_id=936","title":{"rendered":"Freunde"},"content":{"rendered":"\n<p>Hier stellen wir dir kurz und knapp befreundete Unternehmungen vor\u2026<\/p>\n\n\n\n<div style=\"height:40px\" aria-hidden=\"true\" class=\"wp-block-spacer\"><\/div>\n\n\n\n<div class=\"wp-block-media-text alignwide has-media-on-the-right is-stacked-on-mobile\" style=\"grid-template-columns:auto 20%\"><div class=\"wp-block-media-text__content\">\n<p>Verena bietet uns mitten in Weingarten eine leckere regionale K\u00fcche und hausgemachte Leckereien; zudem regionalen K\u00fcnstlern wie uns eine kleine B\u00fchne&#8230; in der alten Post oder unter auszeit-weingarten.de <br><sub>[Bild: Caf\u00e9 und Bistro Auszeit | Verena Nagel]<\/sub><\/p>\n<\/div><figure class=\"wp-block-media-text__media\"><img loading=\"lazy\" decoding=\"async\" width=\"531\" height=\"542\" src=\"https:\/\/www.holzstuebli.de\/wp-content\/uploads\/2022\/12\/grafik-4.png\" alt=\"\" class=\"wp-image-814 size-full\" srcset=\"https:\/\/www.holzstuebli.de\/wp-content\/uploads\/2022\/12\/grafik-4.png 531w, https:\/\/www.holzstuebli.de\/wp-content\/uploads\/2022\/12\/grafik-4-294x300.png 294w\" sizes=\"auto, (max-width: 531px) 100vw, 531px\" \/><\/figure><\/div>\n\n\n\n<div style=\"height:90px\" aria-hidden=\"true\" class=\"wp-block-spacer\"><\/div>\n\n\n\n<div class=\"wp-block-media-text alignwide is-stacked-on-mobile\" style=\"grid-template-columns:22% auto\" id=\"sof\"><figure class=\"wp-block-media-text__media\"><img loading=\"lazy\" decoding=\"async\" width=\"292\" height=\"292\" src=\"https:\/\/www.holzstuebli.de\/wp-content\/uploads\/2023\/07\/SophiesKeramik.jpg\" alt=\"Sophies Keramik - ceramiste Kunstvolle Keramik mit Herz \" class=\"wp-image-937 size-full\" srcset=\"https:\/\/www.holzstuebli.de\/wp-content\/uploads\/2023\/07\/SophiesKeramik.jpg 292w, https:\/\/www.holzstuebli.de\/wp-content\/uploads\/2023\/07\/SophiesKeramik-150x150.jpg 150w\" sizes=\"auto, (max-width: 292px) 100vw, 292px\" \/><\/figure><div class=\"wp-block-media-text__content\">\n<p>Sophie war eine wundervolle C\u00e9ramiste und fertigte au\u00dfergew\u00f6hnlich sch\u00f6ne Keramik in ihrem kleinen Atelier in Horbourg-Wihr (Frankreich) f\u00fcr uns&#8230; wir danken ihr f\u00fcr Ihre Kunst und behalten sie in unserer Erinnerung!<br><sub>[Bild: Sophie Davin]<\/sub><\/p>\n<\/div><\/div>\n\n\n\n<div style=\"height:90px\" aria-hidden=\"true\" class=\"wp-block-spacer\"><\/div>\n\n\n\n<div class=\"wp-block-media-text alignwide has-media-on-the-right is-stacked-on-mobile\" style=\"grid-template-columns:auto 25%\" id=\"Dirk\"><div class=\"wp-block-media-text__content\">\n<p class=\"has-text-align-left\">Dirk fertigt hochwertige, individuelle Schmuckst\u00fccke wie Ringe aus Damaszener-Stahl! <br>Wer noch nie einen &#8222;Sturmritter&#8220; oder &#8222;MondRosenH\u00fcter&#8220; am Finger hatte, sollte da mal vorbeischauen&#8230; <br>Damastringe.de <br><sub>[Bild: Dirk Steiner]<\/sub><\/p>\n<\/div><figure class=\"wp-block-media-text__media\"><img loading=\"lazy\" decoding=\"async\" width=\"300\" height=\"200\" src=\"https:\/\/www.holzstuebli.de\/wp-content\/uploads\/2022\/12\/grafik.png\" alt=\"Damastringe Dirk Steiner Neureut\" class=\"wp-image-808 size-full\"\/><\/figure><\/div>\n\n\n\n<div style=\"height:90px\" aria-hidden=\"true\" class=\"wp-block-spacer\"><\/div>\n\n\n\n<div class=\"wp-block-media-text is-stacked-on-mobile\" style=\"grid-template-columns:20% auto\"><figure class=\"wp-block-media-text__media\"><img loading=\"lazy\" decoding=\"async\" width=\"302\" height=\"297\" src=\"https:\/\/www.holzstuebli.de\/wp-content\/uploads\/2023\/08\/Logo-Sylvia-transp.png\" alt=\"Schwarzw\u00e4lder Bio-K\u00e4se von Sylvia Jung\" class=\"wp-image-999 size-full\" srcset=\"https:\/\/www.holzstuebli.de\/wp-content\/uploads\/2023\/08\/Logo-Sylvia-transp.png 302w, https:\/\/www.holzstuebli.de\/wp-content\/uploads\/2023\/08\/Logo-Sylvia-transp-300x295.png 300w\" sizes=\"auto, (max-width: 302px) 100vw, 302px\" \/><\/figure><div class=\"wp-block-media-text__content\">\n<p>Sylvia bringt uns leckere Bio-Produkte aus dem Schwarzwald auf die M\u00e4rkte&#8230; zum Beispiel bei uns in Weingarten (an jedem 2. Freitag des Monats) oder auf den M\u00e4rkten in Eggenstein, Linkenheim, Berghausen, Gr\u00f6tzingen, Bruchsal&#8230; oder direkt als Catering auf dein Event!<br>die n\u00e4chsten M\u00e4rkte unter schwarzwaelder-bio-kaese.de\/aktuelles<br><sub>[Bild: Sylvia Jung]<\/sub><\/p>\n<\/div><\/div>\n\n\n\n<div style=\"height:90px\" aria-hidden=\"true\" class=\"wp-block-spacer\"><\/div>\n\n\n\n<p id=\"Tipps\">&#8230; und bieten ein paar n\u00fctzliche Tipps und Tricks (unsere Erfahrungswerte) &#8211; keine Links, kein Tracking \u2013 nachschlagen k\u00f6nnt ihr selbst:<\/p>\n\n\n\n<h2 class=\"wp-block-heading\">F\u00fcr drinnen: So habt ihr ein Leben lang Freude an unseren Holzobjekten<\/h2>\n\n\n\n<p>Wir essen gern aus Eichentellern, aus denen man praktisch alles vorz\u00fcglich speisen kann\u2026 Wok, Suppe, Salat oder Eis \u2013 Eiche vermittelt temperaturtechnisch immer ideal zwischen Speise und H\u00e4nden <br>und es sieht darin immer zum Anbei\u00dfen aus! &#8211; Sp\u00e4ter kurz warm aussp\u00fclen \u2013 n\u00e4chster Gang bitte!<br>Falls Tomatenso\u00dfe oder der Knoblauch mal tiefer eingedrungen sind, wirkt ein sanftes Peeling (falls sehr hartn\u00e4ckig auch kurz einweichen) mit einer Mischung aus Kaffee-Satz und Sp\u00fcli gegen F\u00e4rbung und Ger\u00fcche. \u00dcbrigens: das funktioniert auch bei Knofi-H\u00e4nden ;-). <br>Danach am besten leicht \u00f6len \u2013 so braucht man eigentlich nur noch einen Teller pro Person\u2026! \u2013 Eine kleine gro\u00dfe Freude f\u00fcr die Freunde des Minimalismus!<\/p>\n\n\n\n<div style=\"height:90px\" aria-hidden=\"true\" class=\"wp-block-spacer\"><\/div>\n\n\n\n<h2 class=\"wp-block-heading\">F\u00fcr drau\u00dfen: Anpassungsstrategien im Garten bei Hitze und Trockenheit<\/h2>\n\n\n\n<h3 class=\"wp-block-heading\">\u201eSplit-Zylinder\u201c nach Prof. Claus Mattheck <\/h3>\n\n\n\n<p> \u2013 ein kleines Guiding zum Grundwasser kann Baum-Leben retten! <\/p>\n\n\n\n<div style=\"height:50px\" aria-hidden=\"true\" class=\"wp-block-spacer\"><\/div>\n\n\n\n<h3 class=\"wp-block-heading\">Heukartoffeln und Kraterbeete<\/h3>\n\n\n\n<p>Auch im Garten ist Gie\u00dfen &#8222;von unten&#8220; geschickter als von oben, zum Beispiel mit eingegrabenen Tont\u00f6pfen&#8230; <br>nicht in der prallen Sonne gie\u00dfen &#8211; das ist bekannt&#8230; aber es gibt noch mehr Tricks:<br>Wir haben auf Heu-Kartoffeln umgestellt\u2026 denn letztes Jahr ist alles einfach vertrocknet. Falls ihr auch einen Garten habt, empfehlen wir wassersparendes G\u00e4rtnern mit Mulch-Schicht \u2013 nimm was da ist &#8211; Rinde, \u00c4ste, Grasschnitt, Heu oder Stroh, Schafwolle&#8230; lasst die Erde nicht nackig in der Sonne liegen, das w\u00fcrde man bei der Hitze sonst auch niemandem antun!<br>Kraterbeete nutzen gezielt Wuchsformen, Anordnung und Sonneneinstrahlung f\u00fcr ein lebendiges und wassersparendes Pflanzen-Miteinander.<br><br><\/p>\n","protected":false},"excerpt":{"rendered":"<p>Hier stellen wir dir kurz und knapp befreundete Unternehmungen vor\u2026 Verena bietet uns mitten in Weingarten eine leckere regionale K\u00fcche und hausgemachte Leckereien; zudem regionalen K\u00fcnstlern wie uns eine kleine B\u00fchne&#8230; in der alten Post oder unter auszeit-weingarten.de [Bild: Caf\u00e9 und Bistro Auszeit | Verena Nagel] Sophie war eine wundervolle C\u00e9ramiste und fertigte au\u00dfergew\u00f6hnlich sch\u00f6ne [&hellip;]<\/p>\n","protected":false},"author":2,"featured_media":0,"parent":59,"menu_order":0,"comment_status":"closed","ping_status":"closed","template":"","meta":{"ngg_post_thumbnail":0,"ocean_post_layout":"full-width","ocean_both_sidebars_style":"","ocean_both_sidebars_content_width":0,"ocean_both_sidebars_sidebars_width":0,"ocean_sidebar":"0","ocean_second_sidebar":"0","ocean_disable_margins":"enable","ocean_add_body_class":"","ocean_shortcode_before_top_bar":"","ocean_shortcode_after_top_bar":"","ocean_shortcode_before_header":"","ocean_shortcode_after_header":"","ocean_has_shortcode":"","ocean_shortcode_after_title":"","ocean_shortcode_before_footer_widgets":"","ocean_shortcode_after_footer_widgets":"","ocean_shortcode_before_footer_bottom":"","ocean_shortcode_after_footer_bottom":"","ocean_display_top_bar":"default","ocean_display_header":"default","ocean_header_style":"","ocean_center_header_left_menu":"0","ocean_custom_header_template":"0","ocean_custom_logo":0,"ocean_custom_retina_logo":0,"ocean_custom_logo_max_width":0,"ocean_custom_logo_tablet_max_width":0,"ocean_custom_logo_mobile_max_width":0,"ocean_custom_logo_max_height":0,"ocean_custom_logo_tablet_max_height":0,"ocean_custom_logo_mobile_max_height":0,"ocean_header_custom_menu":"0","ocean_menu_typo_font_family":"0","ocean_menu_typo_font_subset":"","ocean_menu_typo_font_size":0,"ocean_menu_typo_font_size_tablet":0,"ocean_menu_typo_font_size_mobile":0,"ocean_menu_typo_font_size_unit":"px","ocean_menu_typo_font_weight":"","ocean_menu_typo_font_weight_tablet":"","ocean_menu_typo_font_weight_mobile":"","ocean_menu_typo_transform":"","ocean_menu_typo_transform_tablet":"","ocean_menu_typo_transform_mobile":"","ocean_menu_typo_line_height":0,"ocean_menu_typo_line_height_tablet":0,"ocean_menu_typo_line_height_mobile":0,"ocean_menu_typo_line_height_unit":"","ocean_menu_typo_spacing":0,"ocean_menu_typo_spacing_tablet":0,"ocean_menu_typo_spacing_mobile":0,"ocean_menu_typo_spacing_unit":"","ocean_menu_link_color":"","ocean_menu_link_color_hover":"","ocean_menu_link_color_active":"","ocean_menu_link_background":"","ocean_menu_link_hover_background":"","ocean_menu_link_active_background":"","ocean_menu_social_links_bg":"","ocean_menu_social_hover_links_bg":"","ocean_menu_social_links_color":"","ocean_menu_social_hover_links_color":"","ocean_disable_title":"default","ocean_disable_heading":"default","ocean_post_title":"Freunde, Tipps und Tricks","ocean_post_subheading":"","ocean_post_title_style":"","ocean_post_title_background_color":"","ocean_post_title_background":0,"ocean_post_title_bg_image_position":"","ocean_post_title_bg_image_attachment":"","ocean_post_title_bg_image_repeat":"","ocean_post_title_bg_image_size":"","ocean_post_title_height":0,"ocean_post_title_bg_overlay":0.5,"ocean_post_title_bg_overlay_color":"","ocean_disable_breadcrumbs":"default","ocean_breadcrumbs_color":"","ocean_breadcrumbs_separator_color":"","ocean_breadcrumbs_links_color":"","ocean_breadcrumbs_links_hover_color":"","ocean_display_footer_widgets":"default","ocean_display_footer_bottom":"default","ocean_custom_footer_template":"0","footnotes":""},"class_list":["post-936","page","type-page","status-publish","hentry","entry"],"_links":{"self":[{"href":"https:\/\/www.holzstuebli.de\/index.php?rest_route=\/wp\/v2\/pages\/936","targetHints":{"allow":["GET"]}}],"collection":[{"href":"https:\/\/www.holzstuebli.de\/index.php?rest_route=\/wp\/v2\/pages"}],"about":[{"href":"https:\/\/www.holzstuebli.de\/index.php?rest_route=\/wp\/v2\/types\/page"}],"author":[{"embeddable":true,"href":"https:\/\/www.holzstuebli.de\/index.php?rest_route=\/wp\/v2\/users\/2"}],"replies":[{"embeddable":true,"href":"https:\/\/www.holzstuebli.de\/index.php?rest_route=%2Fwp%2Fv2%2Fcomments&post=936"}],"version-history":[{"count":47,"href":"https:\/\/www.holzstuebli.de\/index.php?rest_route=\/wp\/v2\/pages\/936\/revisions"}],"predecessor-version":[{"id":1276,"href":"https:\/\/www.holzstuebli.de\/index.php?rest_route=\/wp\/v2\/pages\/936\/revisions\/1276"}],"up":[{"embeddable":true,"href":"https:\/\/www.holzstuebli.de\/index.php?rest_route=\/wp\/v2\/pages\/59"}],"wp:attachment":[{"href":"https:\/\/www.holzstuebli.de\/index.php?rest_route=%2Fwp%2Fv2%2Fmedia&parent=936"}],"curies":[{"name":"wp","href":"https:\/\/api.w.org\/{rel}","templated":true}]}}