{"id":59,"date":"2021-05-29T15:45:20","date_gmt":"2021-05-29T13:45:20","guid":{"rendered":"https:\/\/www.holzstuebli.de\/?page_id=59"},"modified":"2026-05-04T08:55:21","modified_gmt":"2026-05-04T06:55:21","slug":"__trashed-2","status":"publish","type":"page","link":"https:\/\/www.holzstuebli.de\/","title":{"rendered":"Startseite"},"content":{"rendered":"\n<h2 class=\"wp-block-heading has-text-align-center\">die Natur. Zuhause.<\/h2>\n\n\n\n<div class=\"wp-block-group\"><div class=\"wp-block-group__inner-container is-layout-constrained wp-block-group-is-layout-constrained\"><\/div><\/div>\n\n\n\n<div style=\"height:40px\" aria-hidden=\"true\" class=\"wp-block-spacer\"><\/div>\n\n\n\n<blockquote class=\"wp-block-quote is-layout-flow wp-block-quote-is-layout-flow\">\n<ul class=\"wp-block-list\">\n<li style=\"font-size:18px;font-style:normal;font-weight:200;letter-spacing:2px\">es gibt neue Naturfoto-Jahresbegleiter &#8211; <a href=\"https:\/\/www.holzstuebli.de\/?page_id=446#NEU\" data-type=\"page\" data-id=\"446\">Gro\u00dfe<\/a> und <a href=\"https:\/\/www.holzstuebli.de\/?page_id=446#Tischkalender\" data-type=\"page\" data-id=\"446\">Kleine<\/a> mit wilden <strong>Weingartener Naturfotos<\/strong> und individuellem SiAn-Holzfu\u00df<\/li>\n<\/ul>\n<cite><em>Aktuelles von uns f\u00fcr euch<\/em><\/cite><\/blockquote>\n\n\n\n<div style=\"height:40px\" aria-hidden=\"true\" class=\"wp-block-spacer\"><\/div>\n\n\n\n<p class=\"has-text-align-center\">Wir holen die Natur ins Wohnzimmer &#8211; oder in den Gastraum<\/p>\n\n\n\n<div class=\"wp-block-columns is-layout-flex wp-container-core-columns-is-layout-9d6595d7 wp-block-columns-is-layout-flex\">\n<div class=\"wp-block-column is-layout-flow wp-block-column-is-layout-flow\">\n<div class=\"wp-block-media-text alignwide is-stacked-on-mobile\"><figure class=\"wp-block-media-text__media\"><a href=\"#Galerie\"><img loading=\"lazy\" decoding=\"async\" width=\"1024\" height=\"683\" src=\"https:\/\/www.holzstuebli.de\/wp-content\/uploads\/2022\/12\/Start_Spaene_sw.jpg\" alt=\"Holzbearbeitung Sp\u00e4ne fliegen\" class=\"wp-image-724 size-medium\" srcset=\"https:\/\/www.holzstuebli.de\/wp-content\/uploads\/2022\/12\/Start_Spaene_sw.jpg 1024w, https:\/\/www.holzstuebli.de\/wp-content\/uploads\/2022\/12\/Start_Spaene_sw-300x200.jpg 300w, https:\/\/www.holzstuebli.de\/wp-content\/uploads\/2022\/12\/Start_Spaene_sw-768x512.jpg 768w\" sizes=\"auto, (max-width: 1024px) 100vw, 1024px\" \/><\/a><\/figure><div class=\"wp-block-media-text__content\">\n<p>&#8230; in Handarbeit.<br><a href=\"#Galerie\" data-type=\"internal\" data-id=\"#noch-zu-haben\">Objekte aus dem Holzst\u00fcbli<\/a><\/p>\n<\/div><\/div>\n<\/div>\n\n\n\n<div class=\"wp-block-column is-layout-flow wp-block-column-is-layout-flow\">\n<div class=\"wp-block-media-text alignwide has-media-on-the-right is-stacked-on-mobile\"><div class=\"wp-block-media-text__content\">\n<p class=\"has-text-align-right\">&#8230; mit der Kamera.<br><a href=\"https:\/\/www.holzstuebli.de\/?page_id=446\" data-type=\"page\" data-id=\"446\">Kunstdrucke aus <\/a><br><a href=\"https:\/\/www.holzstuebli.de\/?page_id=446\" data-type=\"page\" data-id=\"446\">unserer Fotoecke<\/a><\/p>\n<\/div><figure class=\"wp-block-media-text__media\"><a href=\"https:\/\/www.holzstuebli.de\/?page_id=446\"><img loading=\"lazy\" decoding=\"async\" width=\"1024\" height=\"683\" src=\"https:\/\/www.holzstuebli.de\/wp-content\/uploads\/2022\/12\/Start_Fotografin-sw-marke-1.png\" alt=\"\" class=\"wp-image-796 size-medium\" srcset=\"https:\/\/www.holzstuebli.de\/wp-content\/uploads\/2022\/12\/Start_Fotografin-sw-marke-1.png 1024w, https:\/\/www.holzstuebli.de\/wp-content\/uploads\/2022\/12\/Start_Fotografin-sw-marke-1-300x200.png 300w, https:\/\/www.holzstuebli.de\/wp-content\/uploads\/2022\/12\/Start_Fotografin-sw-marke-1-768x512.png 768w\" sizes=\"auto, (max-width: 1024px) 100vw, 1024px\" \/><\/a><\/figure><\/div>\n<\/div>\n<\/div>\n\n\n\n<div class=\"wp-block-columns is-layout-flex wp-container-core-columns-is-layout-9d6595d7 wp-block-columns-is-layout-flex\">\n<div class=\"wp-block-column is-layout-flow wp-block-column-is-layout-flow\" style=\"flex-basis:100%\">\n<div style=\"height:70px\" aria-hidden=\"true\" class=\"wp-block-spacer\"><\/div>\n\n\n\n<p>Im Holzst\u00fcbli geben wir sch\u00f6nen Objekten aus der Natur den &#8222;letzten Schliff&#8220;&#8230;<\/p>\n\n\n\n<p id=\"Galerie\">&#8230; und lassen sie zu n\u00fctzlichen Alltagsbegleitern werden. Inspiriert von nat\u00fcrlichen Formen, Rissen und Farben entstehen in m\u00fchevoller Handarbeit k\u00fcnstlerisch wertvolle Unikate. <br>Schau dich gern in unserer aktuellen Galerie um &#8211; wenn dir etwas gef\u00e4llt, <a rel=\"noreferrer noopener\" href=\"https:\/\/www.holzstuebli.de\/?page_id=125\" data-type=\"page\" data-id=\"125\" target=\"_blank\">melde dich<\/a> f\u00fcr ein unverbindliches Angebot.<\/p>\n\n\n\n<p>Du suchst noch ein individuelles Geschenk? &#8211; meld dich gern oder schau pers\u00f6nlich vorbei f\u00fcr die volle Auswahl!<\/p>\n\n\n\n<h2 class=\"wp-block-heading\" id=\"noch-zu-haben\">Unsere Kunst-St\u00fcck-Galerie &#8211; noch zu haben&#8230;!<\/h2>\n\n\n\n<div class=\"wp-block-group\"><div class=\"wp-block-group__inner-container is-layout-flow wp-block-group-is-layout-flow\">\nngg_shortcode_0_placeholder\n<\/div><\/div>\n\n\n\n<p class=\"has-text-align-center has-medium-font-size\">Das hier passt zu dir? <a href=\"https:\/\/www.holzstuebli.de\/?page_id=125\" data-type=\"page\" data-id=\"125\" target=\"_blank\" rel=\"noreferrer noopener\">Kannst du haben<\/a>!<\/p>\n\n\n\n<p class=\"has-text-align-center\" style=\"font-size:16px\">Du suchst etwas anderes? Wir haben mehr tolle Ideen als wir hier zeigen k\u00f6nnen &#8211; <a href=\"https:\/\/www.holzstuebli.de\/?page_id=125\" data-type=\"page\" data-id=\"125\" target=\"_blank\" rel=\"noreferrer noopener\">melde dich<\/a> einfach und erz\u00e4hl uns was du gern h\u00e4ttest!<br>Wenn ihr Fragen zur Verwendung oder Pflege der H\u00f6lzer habt, <a href=\"https:\/\/www.holzstuebli.de\/?page_id=125\" data-type=\"page\" data-id=\"125\" target=\"_blank\" rel=\"noreferrer noopener\">schreibt uns<\/a> oder schaut <a href=\"https:\/\/www.holzstuebli.de\/?page_id=392\" data-type=\"page\" data-id=\"392\" target=\"_blank\" rel=\"noreferrer noopener\">hier <\/a>nach Hinweisen.<\/p>\n<\/div>\n<\/div>\n\n\n\n<div style=\"height:25px\" aria-hidden=\"true\" class=\"wp-block-spacer\"><\/div>\n\n\n\n<h2 class=\"wp-block-heading\">SiAns Holzgeschichten&#8230; <\/h2>\n\n\n\n<div class=\"wp-block-media-text alignwide has-media-on-the-right is-stacked-on-mobile\"><div class=\"wp-block-media-text__content\">\n<p>Dein Lieblingsbaum muss(te) weichen? <br>Behalte doch einen kleinen Teil davon &#8211;<br><a rel=\"noreferrer noopener\" href=\"https:\/\/www.holzstuebli.de\/?page_id=125\" data-type=\"page\" data-id=\"125\" target=\"_blank\">wir<\/a> machen dir ein einzigartiges Erinnerungsst\u00fcck daraus!<\/p>\n<\/div><figure class=\"wp-block-media-text__media\"><img loading=\"lazy\" decoding=\"async\" width=\"640\" height=\"449\" src=\"https:\/\/www.holzstuebli.de\/wp-content\/uploads\/2022\/12\/SiAnsHolzgeschichten-BaumObjekte.png\" alt=\"\" class=\"wp-image-821 size-full\" srcset=\"https:\/\/www.holzstuebli.de\/wp-content\/uploads\/2022\/12\/SiAnsHolzgeschichten-BaumObjekte.png 640w, https:\/\/www.holzstuebli.de\/wp-content\/uploads\/2022\/12\/SiAnsHolzgeschichten-BaumObjekte-300x210.png 300w\" sizes=\"auto, (max-width: 640px) 100vw, 640px\" \/><\/figure><\/div>\n\n\n\n<div style=\"height:35px\" aria-hidden=\"true\" class=\"wp-block-spacer\"><\/div>\n\n\n\n<h2 class=\"wp-block-heading\">Wie und womit wir arbeiten<\/h2>\n\n\n\n<div class=\"wp-block-media-text alignwide is-stacked-on-mobile\"><figure class=\"wp-block-media-text__media\"><img loading=\"lazy\" decoding=\"async\" width=\"1024\" height=\"806\" src=\"https:\/\/www.holzstuebli.de\/wp-content\/uploads\/2021\/07\/Spaene_sw-1-1024x806.jpg\" alt=\"\" class=\"wp-image-356 size-full\" srcset=\"https:\/\/www.holzstuebli.de\/wp-content\/uploads\/2021\/07\/Spaene_sw-1-1024x806.jpg 1024w, https:\/\/www.holzstuebli.de\/wp-content\/uploads\/2021\/07\/Spaene_sw-1-300x236.jpg 300w, https:\/\/www.holzstuebli.de\/wp-content\/uploads\/2021\/07\/Spaene_sw-1-768x604.jpg 768w, https:\/\/www.holzstuebli.de\/wp-content\/uploads\/2021\/07\/Spaene_sw-1-1536x1208.jpg 1536w, https:\/\/www.holzstuebli.de\/wp-content\/uploads\/2021\/07\/Spaene_sw-1-2048x1611.jpg 2048w\" sizes=\"auto, (max-width: 1024px) 100vw, 1024px\" \/><\/figure><div class=\"wp-block-media-text__content\">\n<p style=\"font-size:16px\">Gearbeitet wird in unserem &#8222;Holzst\u00fcbli&#8220; &#8211; einem sehr kleinen, aber feinen Werkraum mitten in Weingarten.<\/p>\n\n\n\n<p style=\"font-size:16px\">Um unsere Ideen auf die Objekte zu \u00fcbertragen, ist uns jedes Mittel recht &#8211; vom Fr\u00e4sen \u00fcbers Drechseln&#8230; Schnitzen, Schleifen, Beiteln, Hobeln, Schwei\u00dfen, Flexen, Drehen, Polieren&#8230; <br>Gern kombinieren wir auch unterschiedliche Materialien. Unser Holz stammt aus der Umgebung, aus nachhaltigem Anbau oder es werden alte &#8222;Fundst\u00fccke&#8220; recycelt. Auch Metalle bearbeiten wir selbst &#8211; keine billigen Zukaufteile!<br>Zur Oberfl\u00e4chenversiegelung verwenden wir am liebsten Lein\u00f6l oder Holzbutter. Soll&#8217;s robuster sein, auch mal Hartwachs.<\/p>\n<\/div><\/div>\n\n\n\n<div style=\"height:50px\" aria-hidden=\"true\" class=\"wp-block-spacer\"><\/div>\n\n\n\n<div style=\"height:100px\" aria-hidden=\"true\" class=\"wp-block-spacer\"><\/div>\n\n\n\n<div class=\"wp-block-columns is-layout-flex wp-container-core-columns-is-layout-9d6595d7 wp-block-columns-is-layout-flex\">\n<div class=\"wp-block-column is-layout-flow wp-block-column-is-layout-flow\" style=\"flex-basis:30%\">\n<p><\/p>\n\n\n\n<div style=\"height:116px\" aria-hidden=\"true\" class=\"wp-block-spacer\"><\/div>\n\n\n\n<p class=\"has-text-align-right\">Noch mehr Natur Zuhause&#8230;<br>melde dich f\u00fcr unsere <a href=\"https:\/\/www.holzstuebli.de\/?page_id=125\" data-type=\"page\" data-id=\"125\" target=\"_blank\" rel=\"noreferrer noopener\">Neuigkeiten-E-Mail<\/a> an<br>&#8211; dann verpasst du nichts!<\/p>\n<\/div>\n\n\n\n<div class=\"wp-block-column is-layout-flow wp-block-column-is-layout-flow\" style=\"flex-basis:10px\">\n<div style=\"height:100px\" aria-hidden=\"true\" class=\"wp-block-spacer\"><\/div>\n<\/div>\n\n\n\n<div class=\"wp-block-column is-layout-flow wp-block-column-is-layout-flow\" style=\"flex-basis:60%\">\n<figure class=\"wp-block-image size-full is-resized\"><a href=\"https:\/\/www.holzstuebli.de\/?page_id=446\"><img loading=\"lazy\" decoding=\"async\" width=\"800\" height=\"452\" src=\"https:\/\/www.holzstuebli.de\/wp-content\/uploads\/2022\/07\/Uhu-sw-Auge_pic-edited-1.jpg\" alt=\"Portrait eines Uhus in schwarz-wei\u00df\" class=\"wp-image-550\" style=\"width:557px;height:315px\" srcset=\"https:\/\/www.holzstuebli.de\/wp-content\/uploads\/2022\/07\/Uhu-sw-Auge_pic-edited-1.jpg 800w, https:\/\/www.holzstuebli.de\/wp-content\/uploads\/2022\/07\/Uhu-sw-Auge_pic-edited-1-300x170.jpg 300w, https:\/\/www.holzstuebli.de\/wp-content\/uploads\/2022\/07\/Uhu-sw-Auge_pic-edited-1-768x434.jpg 768w\" sizes=\"auto, (max-width: 800px) 100vw, 800px\" \/><\/a><\/figure>\n<\/div>\n<\/div>\n\n\n\n<div style=\"height:70px\" aria-hidden=\"true\" class=\"wp-block-spacer\"><\/div>\n\n\n\n<pre class=\"wp-block-verse has-text-align-center has-cyan-bluish-gray-color has-text-color has-background\" id=\"Art\" style=\"background:linear-gradient(135deg,rgba(181,69,4,0.7) 0%,rgba(0,86,92,0.74) 100%);letter-spacing:0.5px;text-transform:uppercase\"><strong>+++ unsere Kunstwerke waren auf der ArtBox.Project in <strong>Z\u00fcrich <\/strong>+++<\/strong><\/pre>\n\n\n\n<figure class=\"wp-block-gallery has-nested-images columns-default is-cropped wp-block-gallery-1 is-layout-flex wp-block-gallery-is-layout-flex\">\n<figure class=\"wp-block-image size-large\"><img loading=\"lazy\" decoding=\"async\" width=\"1024\" height=\"1024\" data-id=\"984\" src=\"https:\/\/www.holzstuebli.de\/wp-content\/uploads\/2023\/08\/ArtBox.Zuerich_Stahl-Orange-1024x1024.jpeg\" alt=\"\" class=\"wp-image-984\" srcset=\"https:\/\/www.holzstuebli.de\/wp-content\/uploads\/2023\/08\/ArtBox.Zuerich_Stahl-Orange-1024x1024.jpeg 1024w, https:\/\/www.holzstuebli.de\/wp-content\/uploads\/2023\/08\/ArtBox.Zuerich_Stahl-Orange-300x300.jpeg 300w, https:\/\/www.holzstuebli.de\/wp-content\/uploads\/2023\/08\/ArtBox.Zuerich_Stahl-Orange-150x150.jpeg 150w, https:\/\/www.holzstuebli.de\/wp-content\/uploads\/2023\/08\/ArtBox.Zuerich_Stahl-Orange-768x768.jpeg 768w, https:\/\/www.holzstuebli.de\/wp-content\/uploads\/2023\/08\/ArtBox.Zuerich_Stahl-Orange-1536x1536.jpeg 1536w, https:\/\/www.holzstuebli.de\/wp-content\/uploads\/2023\/08\/ArtBox.Zuerich_Stahl-Orange-2048x2048.jpeg 2048w, https:\/\/www.holzstuebli.de\/wp-content\/uploads\/2023\/08\/ArtBox.Zuerich_Stahl-Orange-600x600.jpeg 600w\" sizes=\"auto, (max-width: 1024px) 100vw, 1024px\" \/><\/figure>\n\n\n\n<figure class=\"wp-block-image size-large\"><img loading=\"lazy\" decoding=\"async\" width=\"1024\" height=\"1024\" data-id=\"982\" src=\"https:\/\/www.holzstuebli.de\/wp-content\/uploads\/2023\/08\/ArtBox.Zuerich_Schmuck-Kirsche-1024x1024.jpeg\" alt=\"\" class=\"wp-image-982\" srcset=\"https:\/\/www.holzstuebli.de\/wp-content\/uploads\/2023\/08\/ArtBox.Zuerich_Schmuck-Kirsche-1024x1024.jpeg 1024w, https:\/\/www.holzstuebli.de\/wp-content\/uploads\/2023\/08\/ArtBox.Zuerich_Schmuck-Kirsche-300x300.jpeg 300w, https:\/\/www.holzstuebli.de\/wp-content\/uploads\/2023\/08\/ArtBox.Zuerich_Schmuck-Kirsche-150x150.jpeg 150w, https:\/\/www.holzstuebli.de\/wp-content\/uploads\/2023\/08\/ArtBox.Zuerich_Schmuck-Kirsche-768x768.jpeg 768w, https:\/\/www.holzstuebli.de\/wp-content\/uploads\/2023\/08\/ArtBox.Zuerich_Schmuck-Kirsche-1536x1536.jpeg 1536w, https:\/\/www.holzstuebli.de\/wp-content\/uploads\/2023\/08\/ArtBox.Zuerich_Schmuck-Kirsche-2048x2048.jpeg 2048w, https:\/\/www.holzstuebli.de\/wp-content\/uploads\/2023\/08\/ArtBox.Zuerich_Schmuck-Kirsche-600x600.jpeg 600w\" sizes=\"auto, (max-width: 1024px) 100vw, 1024px\" \/><\/figure>\n\n\n\n<figure class=\"wp-block-image size-large\"><img loading=\"lazy\" decoding=\"async\" width=\"1024\" height=\"1024\" data-id=\"983\" src=\"https:\/\/www.holzstuebli.de\/wp-content\/uploads\/2023\/08\/ArtBox.Zuerich_YoungeagleOwlseyes-1024x1024.jpeg\" alt=\"\" class=\"wp-image-983\" srcset=\"https:\/\/www.holzstuebli.de\/wp-content\/uploads\/2023\/08\/ArtBox.Zuerich_YoungeagleOwlseyes-1024x1024.jpeg 1024w, https:\/\/www.holzstuebli.de\/wp-content\/uploads\/2023\/08\/ArtBox.Zuerich_YoungeagleOwlseyes-300x300.jpeg 300w, https:\/\/www.holzstuebli.de\/wp-content\/uploads\/2023\/08\/ArtBox.Zuerich_YoungeagleOwlseyes-150x150.jpeg 150w, https:\/\/www.holzstuebli.de\/wp-content\/uploads\/2023\/08\/ArtBox.Zuerich_YoungeagleOwlseyes-768x768.jpeg 768w, https:\/\/www.holzstuebli.de\/wp-content\/uploads\/2023\/08\/ArtBox.Zuerich_YoungeagleOwlseyes-1536x1536.jpeg 1536w, https:\/\/www.holzstuebli.de\/wp-content\/uploads\/2023\/08\/ArtBox.Zuerich_YoungeagleOwlseyes-2048x2048.jpeg 2048w, https:\/\/www.holzstuebli.de\/wp-content\/uploads\/2023\/08\/ArtBox.Zuerich_YoungeagleOwlseyes-600x600.jpeg 600w\" sizes=\"auto, (max-width: 1024px) 100vw, 1024px\" \/><\/figure>\n<\/figure>\n","protected":false},"excerpt":{"rendered":"<p>die Natur. Zuhause. Wir holen die Natur ins Wohnzimmer &#8211; oder in den Gastraum &#8230; in Handarbeit.Objekte aus dem Holzst\u00fcbli &#8230; mit der Kamera.Kunstdrucke aus unserer Fotoecke Im Holzst\u00fcbli geben wir sch\u00f6nen Objekten aus der Natur den &#8222;letzten Schliff&#8220;&#8230; &#8230; und lassen sie zu n\u00fctzlichen Alltagsbegleitern werden. Inspiriert von nat\u00fcrlichen Formen, Rissen und Farben entstehen [&hellip;]<\/p>\n","protected":false},"author":2,"featured_media":0,"parent":0,"menu_order":0,"comment_status":"closed","ping_status":"closed","template":"","meta":{"ngg_post_thumbnail":0,"ocean_post_layout":"full-width","ocean_both_sidebars_style":"","ocean_both_sidebars_content_width":0,"ocean_both_sidebars_sidebars_width":0,"ocean_sidebar":"0","ocean_second_sidebar":"0","ocean_disable_margins":"enable","ocean_add_body_class":"","ocean_shortcode_before_top_bar":"","ocean_shortcode_after_top_bar":"","ocean_shortcode_before_header":"","ocean_shortcode_after_header":"","ocean_has_shortcode":"","ocean_shortcode_after_title":"","ocean_shortcode_before_footer_widgets":"","ocean_shortcode_after_footer_widgets":"","ocean_shortcode_before_footer_bottom":"","ocean_shortcode_after_footer_bottom":"","ocean_display_top_bar":"default","ocean_display_header":"on","ocean_header_style":"minimal","ocean_center_header_left_menu":"0","ocean_custom_header_template":"0","ocean_custom_logo":0,"ocean_custom_retina_logo":0,"ocean_custom_logo_max_width":0,"ocean_custom_logo_tablet_max_width":0,"ocean_custom_logo_mobile_max_width":0,"ocean_custom_logo_max_height":0,"ocean_custom_logo_tablet_max_height":0,"ocean_custom_logo_mobile_max_height":0,"ocean_header_custom_menu":"4","ocean_menu_typo_font_family":"Vollkorn","ocean_menu_typo_font_subset":"","ocean_menu_typo_font_size":0,"ocean_menu_typo_font_size_tablet":0,"ocean_menu_typo_font_size_mobile":0,"ocean_menu_typo_font_size_unit":"px","ocean_menu_typo_font_weight":"","ocean_menu_typo_font_weight_tablet":"","ocean_menu_typo_font_weight_mobile":"","ocean_menu_typo_transform":"","ocean_menu_typo_transform_tablet":"","ocean_menu_typo_transform_mobile":"","ocean_menu_typo_line_height":0,"ocean_menu_typo_line_height_tablet":0,"ocean_menu_typo_line_height_mobile":0,"ocean_menu_typo_line_height_unit":"","ocean_menu_typo_spacing":0,"ocean_menu_typo_spacing_tablet":0,"ocean_menu_typo_spacing_mobile":0,"ocean_menu_typo_spacing_unit":"","ocean_menu_link_color":"","ocean_menu_link_color_hover":"","ocean_menu_link_color_active":"","ocean_menu_link_background":"","ocean_menu_link_hover_background":"","ocean_menu_link_active_background":"","ocean_menu_social_links_bg":"","ocean_menu_social_hover_links_bg":"","ocean_menu_social_links_color":"","ocean_menu_social_hover_links_color":"","ocean_disable_title":"default","ocean_disable_heading":"default","ocean_post_title":"Willkommen in Sigis Holzst\u00fcbli!","ocean_post_subheading":"Unikate f\u00fcrs Wohnzimmer - Natur-Kunst-St\u00fccke - Kunsthandwerk","ocean_post_title_style":"centered","ocean_post_title_background_color":"","ocean_post_title_background":0,"ocean_post_title_bg_image_position":"","ocean_post_title_bg_image_attachment":"","ocean_post_title_bg_image_repeat":"","ocean_post_title_bg_image_size":"","ocean_post_title_height":0,"ocean_post_title_bg_overlay":0.5,"ocean_post_title_bg_overlay_color":"","ocean_disable_breadcrumbs":"off","ocean_breadcrumbs_color":"","ocean_breadcrumbs_separator_color":"","ocean_breadcrumbs_links_color":"","ocean_breadcrumbs_links_hover_color":"","ocean_display_footer_widgets":"on","ocean_display_footer_bottom":"on","ocean_custom_footer_template":"0","footnotes":""},"class_list":["post-59","page","type-page","status-publish","hentry","entry"],"_links":{"self":[{"href":"https:\/\/www.holzstuebli.de\/index.php?rest_route=\/wp\/v2\/pages\/59","targetHints":{"allow":["GET"]}}],"collection":[{"href":"https:\/\/www.holzstuebli.de\/index.php?rest_route=\/wp\/v2\/pages"}],"about":[{"href":"https:\/\/www.holzstuebli.de\/index.php?rest_route=\/wp\/v2\/types\/page"}],"author":[{"embeddable":true,"href":"https:\/\/www.holzstuebli.de\/index.php?rest_route=\/wp\/v2\/users\/2"}],"replies":[{"embeddable":true,"href":"https:\/\/www.holzstuebli.de\/index.php?rest_route=%2Fwp%2Fv2%2Fcomments&post=59"}],"version-history":[{"count":173,"href":"https:\/\/www.holzstuebli.de\/index.php?rest_route=\/wp\/v2\/pages\/59\/revisions"}],"predecessor-version":[{"id":1523,"href":"https:\/\/www.holzstuebli.de\/index.php?rest_route=\/wp\/v2\/pages\/59\/revisions\/1523"}],"wp:attachment":[{"href":"https:\/\/www.holzstuebli.de\/index.php?rest_route=%2Fwp%2Fv2%2Fmedia&parent=59"}],"curies":[{"name":"wp","href":"https:\/\/api.w.org\/{rel}","templated":true}]}}