{"id":446,"date":"2022-12-16T18:43:32","date_gmt":"2022-12-16T17:43:32","guid":{"rendered":"https:\/\/www.holzstuebli.de\/?page_id=446"},"modified":"2026-03-23T09:21:26","modified_gmt":"2026-03-23T08:21:26","slug":"fotokunst","status":"publish","type":"page","link":"https:\/\/www.holzstuebli.de\/?page_id=446","title":{"rendered":"Fotoecke"},"content":{"rendered":"\n<p class=\"has-text-align-center\"><a href=\"#Tischkalender\" data-type=\"internal\" data-id=\"#Kalender\">Tischkalender<\/a> &#8211; <a href=\"#Begleiter24\" data-type=\"internal\" data-id=\"#Kalender\">Jahresbegleiter<\/a> &#8211; <a href=\"#Postkarten\" data-type=\"internal\" data-id=\"#Postkarten\">Postkarten <\/a>&#8211; <a href=\"#Wandbild\" data-type=\"internal\" data-id=\"#Wandbild\">Wandbilder<\/a><\/p>\n\n\n\n<div style=\"height:50px\" aria-hidden=\"true\" class=\"wp-block-spacer\"><\/div>\n\n\n\n<p class=\"has-text-align-center\">Auch mit etwas Geduld und einer Kamera l\u00e4sst sich die Natur &#8222;einfangen&#8220; und mit nach Hause nehmen&#8230; <\/p>\n\n\n\n<p><\/p>\n\n\n\n<div style=\"height:40px\" aria-hidden=\"true\" class=\"wp-block-spacer\"><\/div>\n\n\n\n<div style=\"height:22px\" aria-hidden=\"true\" class=\"wp-block-spacer\"><\/div>\n\n\n\n<div class=\"wp-block-columns is-layout-flex wp-container-core-columns-is-layout-9d6595d7 wp-block-columns-is-layout-flex\">\n<div class=\"wp-block-column is-layout-flow wp-block-column-is-layout-flow\" style=\"flex-basis:5%\"><\/div>\n\n\n\n<div class=\"wp-block-column is-layout-flow wp-block-column-is-layout-flow\" style=\"flex-basis:35%\">\n<div class=\"wp-block-cover wp-duotone-000000-00a5ff-1\" style=\"min-height:430px;aspect-ratio:unset;\"><img loading=\"lazy\" decoding=\"async\" width=\"1024\" height=\"768\" class=\"wp-block-cover__image-background wp-image-465\" alt=\"Silhouette und Mond\" src=\"https:\/\/www.holzstuebli.de\/wp-content\/uploads\/2022\/01\/Fotograf-skaliert.jpg\" style=\"object-position:35% 50%\" data-object-fit=\"cover\" data-object-position=\"35% 50%\" srcset=\"https:\/\/www.holzstuebli.de\/wp-content\/uploads\/2022\/01\/Fotograf-skaliert.jpg 1024w, https:\/\/www.holzstuebli.de\/wp-content\/uploads\/2022\/01\/Fotograf-skaliert-300x225.jpg 300w, https:\/\/www.holzstuebli.de\/wp-content\/uploads\/2022\/01\/Fotograf-skaliert-768x576.jpg 768w\" sizes=\"auto, (max-width: 1024px) 100vw, 1024px\" \/><span aria-hidden=\"true\" class=\"wp-block-cover__background has-background-dim\"><\/span><div class=\"wp-block-cover__inner-container is-layout-flow wp-block-cover-is-layout-flow\">\n<div style=\"height:30px\" aria-hidden=\"true\" class=\"wp-block-spacer\"><\/div>\n\n\n\n<div style=\"height:40px\" aria-hidden=\"true\" class=\"wp-block-spacer\"><\/div>\n\n\n\n<p class=\"has-text-align-left has-text-color has-large-font-size\" style=\"color:#b54403\">drau\u00dfen <br><a href=\"#Fotostrom\" data-type=\"internal\" data-id=\"#Fotostrom\">Zuhause<\/a><\/p>\n<\/div><\/div>\n<\/div>\n\n\n\n<div class=\"wp-block-column is-layout-flow wp-block-column-is-layout-flow\" style=\"flex-basis:20%\">\n<p><\/p>\n\n\n\n<div style=\"height:145px\" aria-hidden=\"true\" class=\"wp-block-spacer\"><\/div>\n\n\n\n<p class=\"has-text-align-center\">&#8230;das ist sch\u00f6n, denn sie passt in G\u00e4nze oft einfach nicht ins Wohnzimmer!<\/p>\n\n\n\n<div class=\"wp-block-columns is-layout-flex wp-container-core-columns-is-layout-9d6595d7 wp-block-columns-is-layout-flex\">\n<div class=\"wp-block-column is-layout-flow wp-block-column-is-layout-flow\" style=\"flex-basis:100%\"><\/div>\n<\/div>\n<\/div>\n\n\n\n<div class=\"wp-block-column is-layout-flow wp-block-column-is-layout-flow\" style=\"flex-basis:35%\">\n<div class=\"wp-block-cover wp-duotone-rgb000-rgba2409610092-2\"><img loading=\"lazy\" decoding=\"async\" width=\"1024\" height=\"683\" class=\"wp-block-cover__image-background wp-image-648\" alt=\"Fotografin in action\" src=\"https:\/\/www.holzstuebli.de\/wp-content\/uploads\/2022\/12\/Fotografin-sw-marke.png\" style=\"object-position:35% 36%\" data-object-fit=\"cover\" data-object-position=\"35% 36%\" srcset=\"https:\/\/www.holzstuebli.de\/wp-content\/uploads\/2022\/12\/Fotografin-sw-marke.png 1024w, https:\/\/www.holzstuebli.de\/wp-content\/uploads\/2022\/12\/Fotografin-sw-marke-300x200.png 300w, https:\/\/www.holzstuebli.de\/wp-content\/uploads\/2022\/12\/Fotografin-sw-marke-768x512.png 768w\" sizes=\"auto, (max-width: 1024px) 100vw, 1024px\" \/><span aria-hidden=\"true\" class=\"wp-block-cover__background has-background-dim\"><\/span><div class=\"wp-block-cover__inner-container is-layout-flow wp-block-cover-is-layout-flow\">\n<p class=\"has-text-align-left has-text-color has-large-font-size\" style=\"color:#00555b\">Wilder Fokus <br>&amp;<br><a href=\"#Kunstdruck\" data-type=\"internal\" data-id=\"#Kunstdruck\">Kunstdruck<\/a><\/p>\n<\/div><\/div>\n<\/div>\n\n\n\n<div class=\"wp-block-column is-layout-flow wp-block-column-is-layout-flow\" style=\"flex-basis:5%\"><\/div>\n<\/div>\n\n\n\n<div style=\"height:90px\" aria-hidden=\"true\" class=\"wp-block-spacer\"><\/div>\n\n\n\n<p class=\"has-text-align-center\" id=\"Kunstdruck\">Hier findet ihr einige Kunst-Drucke unserer Naturfotografien, die sich hervorragend in den eigenen Lebensraum integrieren lassen&#8230; <br>wenn eines davon in euren passen k\u00f6nnte, <a href=\"https:\/\/www.holzstuebli.de\/?page_id=125\" data-type=\"page\" data-id=\"125\">meldet euch<\/a> gern!<\/p>\n\n\n\n<p class=\"has-text-align-center\">Was ist das besondere an unseren Naturfoto-Drucken? <\/p>\n\n\n\n<p class=\"has-text-align-center\">Alle Fotos entstehen mit viel Geduld und sind so wenig wie m\u00f6glich (k\u00fcnstlerisch) oder gar nicht nachbearbeitet. <br>Unsere wilden Naturfotos entstehen (falls nicht explizit anders angegeben) in freier Wildbahn <br>ohne Anf\u00fctterung oder \u00e4hnliche &#8222;Tricks&#8220; und mit dem angemessenen Respekt (ohne St\u00f6rung der Tiere).<\/p>\n\n\n\n<p class=\"has-text-align-center\">Unsere Naturfoto-Jahresbegleiter laufen nicht ab und werden m\u00f6glichst nachhaltig gedruckt.<\/p>\n\n\n\n<div class=\"wp-block-columns is-layout-flex wp-container-core-columns-is-layout-9d6595d7 wp-block-columns-is-layout-flex\">\n<div class=\"wp-block-column is-layout-flow wp-block-column-is-layout-flow\" style=\"flex-basis:50%\" id=\"NEU\">\nngg_shortcode_0_placeholder\n<\/div>\n\n\n\n<div class=\"wp-block-column is-layout-flow wp-block-column-is-layout-flow\" style=\"flex-basis:35%\">\n<div style=\"height:30px\" aria-hidden=\"true\" class=\"wp-block-spacer\"><\/div>\n\n\n\n<div style=\"height:15px\" aria-hidden=\"true\" class=\"wp-block-spacer\"><\/div>\n\n\n\n<p>WILDES WEINGARTEN V <br>&#8211; unser neuester Jahresbegleiter (30 x 30 cm) wird nat\u00fcrlich auch auf hochwertigem Kunstdruck-Papier aus 100 % recycelten Fasern gedruckt&#8230; <br>einfach immer Weiterbl\u00e4ttern und Genie\u00dfen! <br>Echt wilde Natur &#8211; rund um Weingarten.<br><br>Satt gesehen? Weiterreichen statt Wegwerfen. Danke! \ud83d\ude42<\/p>\n\n\n\n<figure class=\"wp-block-image size-full is-resized\"><img loading=\"lazy\" decoding=\"async\" width=\"336\" height=\"336\" src=\"https:\/\/www.holzstuebli.de\/wp-content\/uploads\/2026\/03\/Fotostuebli_Kal26_wW-V_Deckblatt.jpg\" alt=\"Deckblatt des neuen Jahresbegleiters &quot;wildes Weingarten V&quot;; schwarz-wei\u00df-Bild eines auffliegenden Falken und Beschriftung\" class=\"wp-image-1405\" style=\"width:250px\" srcset=\"https:\/\/www.holzstuebli.de\/wp-content\/uploads\/2026\/03\/Fotostuebli_Kal26_wW-V_Deckblatt.jpg 336w, https:\/\/www.holzstuebli.de\/wp-content\/uploads\/2026\/03\/Fotostuebli_Kal26_wW-V_Deckblatt-300x300.jpg 300w, https:\/\/www.holzstuebli.de\/wp-content\/uploads\/2026\/03\/Fotostuebli_Kal26_wW-V_Deckblatt-150x150.jpg 150w\" sizes=\"auto, (max-width: 336px) 100vw, 336px\" \/><\/figure>\n<\/div>\n<\/div>\n\n\n\n<div class=\"wp-block-columns is-layout-flex wp-container-core-columns-is-layout-9d6595d7 wp-block-columns-is-layout-flex\" id=\"Tischkalender\">\n<div class=\"wp-block-column is-layout-flow wp-block-column-is-layout-flow\" style=\"flex-basis:50%\">\nngg_shortcode_1_placeholder\n<\/div>\n\n\n\n<div class=\"wp-block-column is-layout-flow wp-block-column-is-layout-flow\" style=\"flex-basis:50%\">\n<div style=\"height:60px\" aria-hidden=\"true\" class=\"wp-block-spacer\"><\/div>\n\n\n\n<p>unsere neuen Tischkalender (12 x 12 cm) sind mit einem Kalendarium ohne Wochentage ausgestattet &#8211; also prima als ewiger Geburtstagskalender oder einfach nach Belieben Weiterbl\u00e4ttern&#8230; <br>jeder Begleiter steht auf einem individuellen Holzfu\u00df aus unserer Werkstatt! &#8211; hier zum Beispiel aus Robinie:<\/p>\n\n\n\n<div style=\"height:40px\" aria-hidden=\"true\" class=\"wp-block-spacer\"><\/div>\n\n\n\n<figure class=\"wp-block-image size-full is-resized\"><img loading=\"lazy\" decoding=\"async\" width=\"473\" height=\"319\" src=\"https:\/\/www.holzstuebli.de\/wp-content\/uploads\/2025\/10\/Tischkalender-am-Stand.jpg\" alt=\"Tischkalender am Marktstand\" class=\"wp-image-1325\" style=\"width:294px;height:auto\" srcset=\"https:\/\/www.holzstuebli.de\/wp-content\/uploads\/2025\/10\/Tischkalender-am-Stand.jpg 473w, https:\/\/www.holzstuebli.de\/wp-content\/uploads\/2025\/10\/Tischkalender-am-Stand-300x202.jpg 300w\" sizes=\"auto, (max-width: 473px) 100vw, 473px\" \/><figcaption class=\"wp-element-caption\">Tischkalender mit Robinienfu\u00df<\/figcaption><\/figure>\n<\/div>\n<\/div>\n\n\n\n<div style=\"height:66px\" aria-hidden=\"true\" class=\"wp-block-spacer\"><\/div>\n\n\n\n<h2 class=\"wp-block-heading\">noch mehr Foto-Kunst-St\u00fccke<\/h2>\n\n\n\n<div style=\"height:40px\" aria-hidden=\"true\" class=\"wp-block-spacer\"><\/div>\n\n\n\n<p class=\"has-text-align-center\"><a href=\"#Begleiter24\" data-type=\"internal\" data-id=\"#Kalender\">Jahresbegleiter<\/a> &#8211; <a href=\"#Postkarten\" data-type=\"internal\" data-id=\"#Postkarten\">Postkarten <\/a>&#8211; <a href=\"#Wandbild\" data-type=\"internal\" data-id=\"#Wandbild\">Wandbilder<\/a><\/p>\n\n\n\n<div style=\"height:30px\" aria-hidden=\"true\" class=\"wp-block-spacer\"><\/div>\n\n\n\n<p class=\"has-text-align-center\" id=\"Wandbild\">Faszinierende Momente mit Format. Wandbilder!<\/p>\n\n\n\n<div style=\"height:20px\" aria-hidden=\"true\" class=\"wp-block-spacer\"><\/div>\n\n\n\n<div class=\"wp-block-columns is-layout-flex wp-container-core-columns-is-layout-9d6595d7 wp-block-columns-is-layout-flex\">\n<div class=\"wp-block-column is-layout-flow wp-block-column-is-layout-flow\" style=\"flex-basis:50%\">\n<p><\/p>\n\n\n\n<div style=\"height:75px\" aria-hidden=\"true\" class=\"wp-block-spacer\"><\/div>\n\n\n\n<p><\/p>\n\n\n\n<p class=\"has-text-align-right\">&#8222;Falke&#8220;&#8230; &#8222;Eichenbl\u00e4tter&#8220;&#8230; &#8222;Winterriese&#8220;&#8230; &#8222;Rehportrait&#8220; &#8230; &#8222;F\u00fcchsin&#8220; &#8230; &#8222;Uhu&#8220; &#8230; &#8222;Storchenk\u00fcste&#8220; oder &#8222;Lappland-Feuerwerk&#8220;<br>Leinwand auf Keilrahmen im Format 60&#215;40 cm<br><sub>(Rahmen aus FSC<strong>\u00ae<\/strong>-zertifiziertem Holz)<\/sub><\/p>\n\n\n\n<p class=\"has-text-align-right\">&#8230; passt zu dir? &#8211; einfach <a href=\"https:\/\/www.holzstuebli.de\/?page_id=125\" data-type=\"page\" data-id=\"125\">melden<\/a>!<\/p>\n<\/div>\n\n\n\n<div class=\"wp-block-column is-layout-flow wp-block-column-is-layout-flow\" style=\"flex-basis:50%\">\n<div class=\"wp-block-columns is-layout-flex wp-container-core-columns-is-layout-9d6595d7 wp-block-columns-is-layout-flex\">\n<div class=\"wp-block-column is-layout-flow wp-block-column-is-layout-flow\" style=\"flex-basis:100%\">\nngg_shortcode_2_placeholder\n<\/div>\n<\/div>\n<\/div>\n<\/div>\n\n\n\n<div class=\"wp-block-columns is-layout-flex wp-container-core-columns-is-layout-9d6595d7 wp-block-columns-is-layout-flex\">\n<div class=\"wp-block-column is-layout-flow wp-block-column-is-layout-flow\" style=\"flex-basis:50%\">\n<div class=\"wp-block-columns is-layout-flex wp-container-core-columns-is-layout-9d6595d7 wp-block-columns-is-layout-flex\">\n<div class=\"wp-block-column is-layout-flow wp-block-column-is-layout-flow\" style=\"flex-basis:100%\">\nngg_shortcode_3_placeholder\n<\/div>\n<\/div>\n<\/div>\n\n\n\n<div class=\"wp-block-column is-layout-flow wp-block-column-is-layout-flow\" style=\"flex-basis:50%\">\n<div style=\"height:75px\" aria-hidden=\"true\" class=\"wp-block-spacer\"><\/div>\n\n\n\n<p>Galery Print &#8222;Isar&#8220;<br>im Format 45&#215;30 cm mit gl\u00e4nzender Oberfl\u00e4che<br><sub>(mit Alurahmen zur Befestigung auf der R\u00fcckseite)<\/sub><\/p>\n\n\n\n<p>&#8230; passt zu dir? &#8211; einfach <a href=\"https:\/\/www.holzstuebli.de\/?page_id=125\">melden<\/a>!<\/p>\n<\/div>\n<\/div>\n\n\n\n<p class=\"has-text-align-center\">Bilder f\u00fcr ein ganzes Jahr (und l\u00e4nger)&#8230; Naturfoto-Jahresbegleiter!<br> &#8211; Wildes Weingarten IV \/ Weingartens Weiderinder en d\u00e9tail \/ Irlands Westk\u00fcste im April &#8211;<br>gedruckt auf Recyclingpapier im Format 30 x 30 cm, je 12 Bilder &#8211; jedes beliebig lange sch\u00f6n&#8230; du entscheidest!<\/p>\n\n\n\n<div class=\"wp-block-columns is-layout-flex wp-container-core-columns-is-layout-9d6595d7 wp-block-columns-is-layout-flex\">\n<div class=\"wp-block-column is-layout-flow wp-block-column-is-layout-flow\">\n<p class=\"has-text-align-center\" id=\"Begleiter24\">WILDES WEINGARTEN V<\/p>\n\n\n\nngg_shortcode_4_placeholder\n\n\n\n<p class=\"has-text-align-center\">alles echt wild &#8211; direkt vor unserer Haust\u00fcr<\/p>\n<\/div>\n\n\n\n<div class=\"wp-block-column is-layout-flow wp-block-column-is-layout-flow\">\n<p class=\"has-text-align-center\">KUH EN D\u00c9TAIL<\/p>\n\n\n\nngg_shortcode_5_placeholder\n\n\n\n<p class=\"has-text-align-center\">unseren Weiderindern ganz nah<\/p>\n<\/div>\n\n\n\n<div class=\"wp-block-column is-layout-flow wp-block-column-is-layout-flow\">\n<p class=\"has-text-align-center\">IRLANDS WESTK\u00dcSTE &#8211; SiAn-REISEN<\/p>\n\n\n\nngg_shortcode_6_placeholder\n\n\n\n<p class=\"has-text-align-center\">die sch\u00f6nsten Momente unseres <br>sonnigen Irland-Trips <br><sub><sup>Reise-Tipps geben wir gern pers\u00f6nlich<\/sup><\/sub><\/p>\n<\/div>\n<\/div>\n\n\n\n<p class=\"has-text-align-center\">Hier geht es um die Bilder&#8230; <br>ihr seid eingeladen selbst zu entscheiden, wie lange ein Bild sch\u00f6n ist und d\u00fcrft einfach weiterbl\u00e4ttern wenn es beliebt! <br>Deshalb nennen wir sie <br>&#8222;Naturfoto-Jahresbegleiter&#8220; <br>und wir verzichten auf die meisten &#8222;Kalender&#8220;-typischen Details.<\/p>\n\n\n\n<div style=\"height:75px\" aria-hidden=\"true\" class=\"wp-block-spacer\"><\/div>\n\n\n\n<p class=\"has-text-align-center\" id=\"Postkarten\"> schreib mal wieder&#8230;! Postkarten!<\/p>\n\n\n\n<div class=\"wp-block-group is-nowrap is-layout-flex wp-container-core-group-is-layout-ad2f72ca wp-block-group-is-layout-flex\">\nngg_shortcode_7_placeholder\n<\/div>\n\n\n\n<p class=\"has-text-align-center\">Unsere Postkarten im Format 10&#215;15 cm<br><sub>(auf FSC<strong>\u00ae<\/strong>-zertifiziertem Kunstdruck-Papier)<\/sub><\/p>\n\n\n\n<div style=\"height:75px\" aria-hidden=\"true\" class=\"wp-block-spacer\"><\/div>\n\n\n\n<h2 class=\"wp-block-heading\" id=\"Fotostrom\">Unsere kleine Fotogalerie&#8230; <\/h2>\n\n\n\n<p class=\"has-text-align-center\">&#8230; in und rund um Weingarten &#8222;eingefangen&#8220; &#8211; kann man auf Leinwand haben oder als Galery-Print!<\/p>\n\n\n\nngg_shortcode_8_placeholder\n\n\n\n<p class=\"has-medium-font-size\">&#8230; ist gerade nichts f\u00fcr dich dabei? &#8211; melde dich f\u00fcr unsere <a href=\"https:\/\/www.holzstuebli.de\/?page_id=125\" data-type=\"page\" data-id=\"125\" target=\"_blank\" rel=\"noreferrer noopener\">Neuigkeiten-E-Mail<\/a> an, dann verpasst du nichts!<\/p>\n\n\n\n<p class=\"has-small-font-size\"><br>Es ist uns sehr wichtig, unserer Natur nicht zu schaden, w\u00e4hrend wir ihre Sch\u00f6nheit zu uns nach Hause holen! <br>Daher legen wir Wert auf Qualit\u00e4t und Langlebigkeit unserer Produkte sowie auf Nachhaltigkeit der verwendeten Ressourcen. Wir achten auf Standards wie den Blauen Engel und FSC<strong>\u00ae<\/strong>-Zertifizierung bei Papier und zugekauftem Holz (wie Bilderrahmen) und geben \u00f6kologischen Druckfarben und klimaneutraler Produktion den Vorzug vor g\u00fcnstigen Preisen. In jedes einzelne Objekt stecken wir viel Liebe und Zeit. Mehr Information zu unseren Produkten findest du <a rel=\"noreferrer noopener\" href=\"https:\/\/www.holzstuebli.de\/?page_id=392\" data-type=\"page\" data-id=\"392\" target=\"_blank\">hier<\/a>.<\/p>\n","protected":false},"excerpt":{"rendered":"<p>Tischkalender &#8211; Jahresbegleiter &#8211; Postkarten &#8211; Wandbilder Auch mit etwas Geduld und einer Kamera l\u00e4sst sich die Natur &#8222;einfangen&#8220; und mit nach Hause nehmen&#8230; &#8230;das ist sch\u00f6n, denn sie passt in G\u00e4nze oft einfach nicht ins Wohnzimmer! Hier findet ihr einige Kunst-Drucke unserer Naturfotografien, die sich hervorragend in den eigenen Lebensraum integrieren lassen&#8230; wenn eines [&hellip;]<\/p>\n","protected":false},"author":2,"featured_media":0,"parent":0,"menu_order":0,"comment_status":"closed","ping_status":"closed","template":"","meta":{"ngg_post_thumbnail":0,"ocean_post_layout":"full-width","ocean_both_sidebars_style":"","ocean_both_sidebars_content_width":0,"ocean_both_sidebars_sidebars_width":0,"ocean_sidebar":"0","ocean_second_sidebar":"0","ocean_disable_margins":"enable","ocean_add_body_class":"","ocean_shortcode_before_top_bar":"","ocean_shortcode_after_top_bar":"","ocean_shortcode_before_header":"","ocean_shortcode_after_header":"","ocean_has_shortcode":"","ocean_shortcode_after_title":"","ocean_shortcode_before_footer_widgets":"","ocean_shortcode_after_footer_widgets":"","ocean_shortcode_before_footer_bottom":"","ocean_shortcode_after_footer_bottom":"","ocean_display_top_bar":"default","ocean_display_header":"default","ocean_header_style":"","ocean_center_header_left_menu":"0","ocean_custom_header_template":"0","ocean_custom_logo":0,"ocean_custom_retina_logo":0,"ocean_custom_logo_max_width":0,"ocean_custom_logo_tablet_max_width":0,"ocean_custom_logo_mobile_max_width":0,"ocean_custom_logo_max_height":0,"ocean_custom_logo_tablet_max_height":0,"ocean_custom_logo_mobile_max_height":0,"ocean_header_custom_menu":"0","ocean_menu_typo_font_family":"0","ocean_menu_typo_font_subset":"","ocean_menu_typo_font_size":0,"ocean_menu_typo_font_size_tablet":0,"ocean_menu_typo_font_size_mobile":0,"ocean_menu_typo_font_size_unit":"px","ocean_menu_typo_font_weight":"","ocean_menu_typo_font_weight_tablet":"","ocean_menu_typo_font_weight_mobile":"","ocean_menu_typo_transform":"","ocean_menu_typo_transform_tablet":"","ocean_menu_typo_transform_mobile":"","ocean_menu_typo_line_height":0,"ocean_menu_typo_line_height_tablet":0,"ocean_menu_typo_line_height_mobile":0,"ocean_menu_typo_line_height_unit":"","ocean_menu_typo_spacing":0,"ocean_menu_typo_spacing_tablet":0,"ocean_menu_typo_spacing_mobile":0,"ocean_menu_typo_spacing_unit":"","ocean_menu_link_color":"","ocean_menu_link_color_hover":"","ocean_menu_link_color_active":"","ocean_menu_link_background":"","ocean_menu_link_hover_background":"","ocean_menu_link_active_background":"","ocean_menu_social_links_bg":"","ocean_menu_social_hover_links_bg":"","ocean_menu_social_links_color":"","ocean_menu_social_hover_links_color":"","ocean_disable_title":"enable","ocean_disable_heading":"default","ocean_post_title":"Willkommen in unserer Fotokunst-Ecke!","ocean_post_subheading":"","ocean_post_title_style":"","ocean_post_title_background_color":"","ocean_post_title_background":0,"ocean_post_title_bg_image_position":"","ocean_post_title_bg_image_attachment":"","ocean_post_title_bg_image_repeat":"","ocean_post_title_bg_image_size":"","ocean_post_title_height":0,"ocean_post_title_bg_overlay":0.5,"ocean_post_title_bg_overlay_color":"","ocean_disable_breadcrumbs":"default","ocean_breadcrumbs_color":"","ocean_breadcrumbs_separator_color":"","ocean_breadcrumbs_links_color":"","ocean_breadcrumbs_links_hover_color":"","ocean_display_footer_widgets":"default","ocean_display_footer_bottom":"default","ocean_custom_footer_template":"0","footnotes":""},"class_list":["post-446","page","type-page","status-publish","hentry","entry"],"_links":{"self":[{"href":"https:\/\/www.holzstuebli.de\/index.php?rest_route=\/wp\/v2\/pages\/446","targetHints":{"allow":["GET"]}}],"collection":[{"href":"https:\/\/www.holzstuebli.de\/index.php?rest_route=\/wp\/v2\/pages"}],"about":[{"href":"https:\/\/www.holzstuebli.de\/index.php?rest_route=\/wp\/v2\/types\/page"}],"author":[{"embeddable":true,"href":"https:\/\/www.holzstuebli.de\/index.php?rest_route=\/wp\/v2\/users\/2"}],"replies":[{"embeddable":true,"href":"https:\/\/www.holzstuebli.de\/index.php?rest_route=%2Fwp%2Fv2%2Fcomments&post=446"}],"version-history":[{"count":170,"href":"https:\/\/www.holzstuebli.de\/index.php?rest_route=\/wp\/v2\/pages\/446\/revisions"}],"predecessor-version":[{"id":1481,"href":"https:\/\/www.holzstuebli.de\/index.php?rest_route=\/wp\/v2\/pages\/446\/revisions\/1481"}],"wp:attachment":[{"href":"https:\/\/www.holzstuebli.de\/index.php?rest_route=%2Fwp%2Fv2%2Fmedia&parent=446"}],"curies":[{"name":"wp","href":"https:\/\/api.w.org\/{rel}","templated":true}]}}