{"id":392,"date":"2022-01-10T17:11:26","date_gmt":"2022-01-10T16:11:26","guid":{"rendered":"https:\/\/www.holzstuebli.de\/?page_id=392"},"modified":"2025-08-12T14:40:21","modified_gmt":"2025-08-12T12:40:21","slug":"ueber-uns","status":"publish","type":"page","link":"https:\/\/www.holzstuebli.de\/?page_id=392","title":{"rendered":"UeberUns"},"content":{"rendered":"\n<p class=\"has-text-align-center\">&#8230; und unsere Materialien.<\/p>\n\n\n\n<p class=\"has-text-align-center\">Die Freude an der kreativen Arbeit mit dem Material und unseren Ideen steht bei uns im Vordergrund. <\/p>\n\n\n\n<div style=\"height:30px\" aria-hidden=\"true\" class=\"wp-block-spacer\"><\/div>\n\n\n\n<div class=\"wp-block-columns is-layout-flex wp-container-core-columns-is-layout-9d6595d7 wp-block-columns-is-layout-flex\">\n<div class=\"wp-block-column is-layout-flow wp-block-column-is-layout-flow\">\n<div class=\"wp-block-media-text alignwide has-media-on-the-right is-stacked-on-mobile\" style=\"grid-template-columns:auto 58%\"><div class=\"wp-block-media-text__content\">\n<p class=\"has-medium-font-size\">Anne l\u00e4sst die Dinge gern zun\u00e4chst im Kopf entstehen<\/p>\n<\/div><figure class=\"wp-block-media-text__media\"><img loading=\"lazy\" decoding=\"async\" width=\"768\" height=\"1024\" src=\"https:\/\/www.holzstuebli.de\/wp-content\/uploads\/2024\/11\/AnneundderSchweissbrenner-Kopie-768x1024.jpg\" alt=\"mit Schwei\u00dfbrenner am neuen Whiskeyregal\" class=\"wp-image-1217 size-medium\" srcset=\"https:\/\/www.holzstuebli.de\/wp-content\/uploads\/2024\/11\/AnneundderSchweissbrenner-Kopie-768x1024.jpg 768w, https:\/\/www.holzstuebli.de\/wp-content\/uploads\/2024\/11\/AnneundderSchweissbrenner-Kopie-225x300.jpg 225w, https:\/\/www.holzstuebli.de\/wp-content\/uploads\/2024\/11\/AnneundderSchweissbrenner-Kopie.jpg 960w\" sizes=\"auto, (max-width: 768px) 100vw, 768px\" \/><\/figure><\/div>\n<\/div>\n\n\n\n<div class=\"wp-block-column is-layout-flow wp-block-column-is-layout-flow\">\n<div class=\"wp-block-media-text alignwide is-stacked-on-mobile\" style=\"grid-template-columns:58% auto\"><figure class=\"wp-block-media-text__media\"><img loading=\"lazy\" decoding=\"async\" width=\"225\" height=\"300\" src=\"https:\/\/www.holzstuebli.de\/wp-content\/uploads\/2021\/08\/SigiinderSchmiede_kl-wz-225x300.jpg\" alt=\"beim Entwurf einer Damast-Klinge in der Moorschmiede\" class=\"wp-image-398 size-medium\" srcset=\"https:\/\/www.holzstuebli.de\/wp-content\/uploads\/2021\/08\/SigiinderSchmiede_kl-wz-225x300.jpg 225w, https:\/\/www.holzstuebli.de\/wp-content\/uploads\/2021\/08\/SigiinderSchmiede_kl-wz-768x1024.jpg 768w, https:\/\/www.holzstuebli.de\/wp-content\/uploads\/2021\/08\/SigiinderSchmiede_kl-wz.jpg 960w\" sizes=\"auto, (max-width: 225px) 100vw, 225px\" \/><\/figure><div class=\"wp-block-media-text__content\">\n<p class=\"has-medium-font-size\">Sigi l\u00e4sst sich am liebsten spontan vom Objekt inspirieren <\/p>\n<\/div><\/div>\n<\/div>\n<\/div>\n\n\n\n<div style=\"height:30px\" aria-hidden=\"true\" class=\"wp-block-spacer\"><\/div>\n\n\n\n<p class=\"has-text-align-center has-medium-font-size\">Meist sind beide K\u00f6pfe und vier H\u00e4nde am Werk, bis ein &#8222;SiAn-Kunst-St\u00fcck&#8220; wirklich fertig ist.<\/p>\n\n\n\n<p><\/p>\n\n\n\n<div style=\"height:40px\" aria-hidden=\"true\" class=\"wp-block-spacer\"><\/div>\n\n\n\n<p><\/p>\n\n\n\n<p><\/p>\n\n\n\n<div class=\"wp-block-columns is-layout-flex wp-container-core-columns-is-layout-9d6595d7 wp-block-columns-is-layout-flex\">\n<div class=\"wp-block-column is-layout-flow wp-block-column-is-layout-flow\" style=\"flex-basis:200px\">\n<p><\/p>\n\n\n\n<div style=\"height:10px\" aria-hidden=\"true\" class=\"wp-block-spacer\"><\/div>\n\n\n\n<p class=\"has-text-align-center\"><strong>Produktinformationen<\/strong><\/p>\n<\/div>\n\n\n\n<div class=\"wp-block-column is-layout-flow wp-block-column-is-layout-flow\">\n<figure class=\"wp-block-image size-medium is-style-rounded\"><img loading=\"lazy\" decoding=\"async\" width=\"300\" height=\"276\" src=\"https:\/\/www.holzstuebli.de\/wp-content\/uploads\/2021\/08\/Stammstruktur_kl-300x276.jpg\" alt=\"\" class=\"wp-image-399\" srcset=\"https:\/\/www.holzstuebli.de\/wp-content\/uploads\/2021\/08\/Stammstruktur_kl-300x276.jpg 300w, https:\/\/www.holzstuebli.de\/wp-content\/uploads\/2021\/08\/Stammstruktur_kl-1024x942.jpg 1024w, https:\/\/www.holzstuebli.de\/wp-content\/uploads\/2021\/08\/Stammstruktur_kl-768x706.jpg 768w, https:\/\/www.holzstuebli.de\/wp-content\/uploads\/2021\/08\/Stammstruktur_kl.jpg 1280w\" sizes=\"auto, (max-width: 300px) 100vw, 300px\" \/><\/figure>\n<\/div>\n\n\n\n<div class=\"wp-block-column is-layout-flow wp-block-column-is-layout-flow\" style=\"flex-basis:200px\">\n<div style=\"height:10px\" aria-hidden=\"true\" class=\"wp-block-spacer\"><\/div>\n\n\n\n<p class=\"has-text-align-left\">Zu den Eigenschaften und Verwendungsm\u00f6glichkeiten unserer Kunst-St\u00fccke solltest du ein wenig mehr wissen.<\/p>\n\n\n\n<p><\/p>\n\n\n\n<p class=\"has-medium-font-size\"><\/p>\n<\/div>\n<\/div>\n\n\n\n<p>Wenn uns ein Objekt gef\u00e4llt und es etwas einzigartiges mitbringt, darf es auch seine individuellen &#8222;Macken&#8220; haben &#8211; wir wissen das zu sch\u00e4tzen! <br>Denn Holz ist kein homogenes Material &#8211; Wuchsrichtungen, Reparaturstellen und unterschiedliche Gewebsschichten entsprechen ihrer nat\u00fcrlichen Aufgabe &#8211; eine m\u00f6glichst stabile Wuchsform des Baumes. <\/p>\n\n\n\n<p id=\"Eigenarten\"><strong>Eigenarten<\/strong>   Da wir dem Holz nun eine neue &#8222;Aufgabe&#8220; geben, passen die gewachsenen Strukturen manchmal nicht ideal zu den von uns angestrebten Formen. Durch gezielte Bearbeitung und Trocknung kann man solche Differenzen ausgleichen oder sie sich sogar zu Nutze machen. Doch sobald sich die Umgebung (und damit Parameter wie Temperatur und Luftfeuchte) \u00e4ndert &#8211; passt sich Holz neu an, es &#8222;arbeitet&#8220; &#8211; und verzieht sich entlang seiner urspr\u00fcnglich gewachsenen Strukturen. So zeigt ein Objekt in neuer Umgebung manchmal auch neue &#8222;Eigenarten&#8220;. Dies sind keine Sch\u00e4den &#8211; meist betonen kleine Risse und Verformungen die nat\u00fcrliche Sch\u00f6nheit.<\/p>\n\n\n\n<p><strong>Ver\u00e4nderung   <\/strong>  Sollte sich ein Objekt so stark ver\u00e4ndern, dass ihr euch damit nicht mehr &#8222;wohlf\u00fchlt&#8220;, bitten wir euch, uns anzusprechen &#8211; da findet sich eine L\u00f6sung!<\/p>\n\n\n\n<p id=\"Achtung\"><strong>Pflege   <\/strong>  Holz ist ein sehr widerstandsf\u00e4higes Material, m\u00f6chte aber auch gepflegt werden. Unsere Gegenst\u00e4nde bieten wir als Dekorationsobjekte an &#8211; f\u00fcr den t\u00e4glichen Gebrauch in Verbindung mit Fl\u00fcssigkeit sind sie nur bedingt geeignet (auch abh\u00e4ngig von der Holzart, wir teilen gern unsere Erfahrungen mit euch). Bitte nur von Hand absp\u00fclen. Wenn die Oberfl\u00e4che stumpf wird, am besten sparsam Lein\u00f6l oder ein anderes Speise\u00f6l wie Oliven\u00f6l mit einem Baumwolltuch auftragen und einreiben, um sowohl den Schutz aufrecht zu erhalten, als auch die Sch\u00f6nheit des Holzes zu betonen. <br>Gern geben wir euch dazu weitere <a href=\"https:\/\/www.holzstuebli.de\/?page_id=125\" data-type=\"page\" data-id=\"125\">Tipps<\/a> oder \u00fcbernehmen eine aufw\u00e4ndigere \u00dcberarbeitung.<\/p>\n\n\n\n<p><strong>Besonderheiten <\/strong>    Wie so oft in der Natur kann man nicht alles was h\u00fcbsch aussieht beliebig verwenden&#8230; <br>schon in Omas Garten haben wir gelernt &#8211; die Thuja-Hecke am besten in Ruhe lassen, die Eibe nur anschauen, nicht essen!<br>Die <mark style=\"background-color:rgba(0, 0, 0, 0)\" class=\"has-inline-color has-vivid-red-color\">Eibe <\/mark>hat ein wundersch\u00f6nes Holz, enth\u00e4lt aber auch Giftstoffe. Gleiches gilt f\u00fcr den Lebensbaum, auch als <mark style=\"background-color:rgba(0, 0, 0, 0)\" class=\"has-inline-color has-vivid-red-color\">Thuja <\/mark>bekannt. <br>Lt. dem Bundesinstitut f\u00fcr Risikobewertung sind bei der Eibe insbesondere Nadeln und Kerne; bei der Thuja Zweigspitzen und Zapfen giftig. <br>Wir m\u00f6chten dennoch darauf hinweisen, dass auch Holz und Rinde gewisse Konzentrationen der giftigen Substanzen enthalten k\u00f6nnen <br>und warnen daher vor dem direkten Kontakt mit <em>Lebensmitteln <\/em>und empfehlen weiterhin sie von <em>Kleinkindern und Haustieren<\/em> fernzuhalten.<br>Dennoch m\u00f6chten wir nicht auf dieses wundersch\u00f6ne Holz verzichten &#8211; als Dekorationsobjekte und mit einer sch\u00fctzend versiegelten Oberfl\u00e4che (diese gilt es von Zeit zu Zeit zu erneuern) kann man sich auch an diesen H\u00f6lzern im Wohnzimmer erfreuen!<br>Ihr habt dazu Fragen? &#8211; sprecht uns gern an!<\/p>\n\n\n\n<p><strong>Ma\u00dfe<\/strong>   Die Ma\u00dfangaben gibt&#8217;s bei uns immer in Millimetern (mm) und es sind circa-Angaben. Holz verformt sich manchmal nach der Bearbeitung &#8211; so k\u00f6nnen Ma\u00dfe nach einiger Zeit von unseren Angaben abweichen &#8211; in der Regel aber nur um wenige Millimeter.<\/p>\n\n\n\n<p><strong>Nachhaltigkeit     <\/strong>Wir arbeiten eng mit und auch direkt in der Natur und m\u00f6chten selbstverst\u00e4ndlich zu ihrer Erhaltung beitragen, so gut wir k\u00f6nnen. <br>Unsere Drucke lassen wir auf Recyclingpapier mit \u00f6kologischen Farben anfertigen wann immer m\u00f6glich. <br>Wenn wir Filze verwenden, dann Wollfilz (zum Beispiel am Boden von D\u00f6schen oder in Vertiefungen; wir verkleben es mit St\u00e4rke-Kleber, also ohne k\u00fcnstliche Zus\u00e4tze).<br>Unsere H\u00f6lzer stammen entweder aus der Umgebung, nachhaltigem Anbau oder sind recycelt. Bei allen weiteren Materialien verwenden wir, wann immer m\u00f6glich, solche nat\u00fcrlicher Herkunft. Metall-Teile sind meist recycelte Objekte; Glas-Teile entstehen in einem befreundeten Atelier in Eigenarbeit.<br>F\u00fcr bestimmte k\u00fcnstlerische Objekte verwenden wir Holzleim oder Sekundenkleber; Holz-Stabilisierung oder F\u00fcllungen realisieren wir mit Epoxidharz und k\u00fcnstlichen Farbpigmenten. Hierf\u00fcr suchen wir noch eine biologisch abbaubare Alternative, die unseren Qualit\u00e4tsanspr\u00fcchen gen\u00fcgt. Derzeit gibt es leider nur Harze und H\u00e4rter mit biologischen Anteilen. Diese nutzen wir bereits. <br>Wir k\u00f6nnen euch f\u00fcr jedes Objekt genau angeben, was verwendet wurde und tun dies gern.<\/p>\n\n\n\n<p><strong>Entsorgung     <\/strong>Unsere Holzobjekte werden mit biologischen \u00d6len oder Fetten versiegelt oder naturbelassen und sind so gestaltet, dass sie m\u00f6glichst lange &#8222;leben&#8220; und hoffentlich auch weitervererbt oder -verschenkt werden k\u00f6nnen. <br>Sollte dennoch irgendwann eine Entsorgung anstehen, k\u00f6nnen reine Holzobjekte (wenn sie weiterhin so gepflegt wurden wie von uns empfohlen) in jedem Fall nat\u00fcrlich verrotten oder als Brennholz ein letztes Mal dem Wohlbefinden dienen. <br>Solltet ihr ein Holzobjekt mit Metall- oder Kunststoff-Anteilen von uns haben, d\u00fcrft ihr es uns gern zur Entsorgung zur\u00fcckgeben, oder selbst mit der S\u00e4ge t\u00e4tig werden und die nicht-h\u00f6lzernen Teile heraustrennen und separat entsorgen. Wie immer gilt &#8211; nur aus der Natur wieder in die Natur!<\/p>\n","protected":false},"excerpt":{"rendered":"<p>&#8230; und unsere Materialien. Die Freude an der kreativen Arbeit mit dem Material und unseren Ideen steht bei uns im Vordergrund. Anne l\u00e4sst die Dinge gern zun\u00e4chst im Kopf entstehen Sigi l\u00e4sst sich am liebsten spontan vom Objekt inspirieren Meist sind beide K\u00f6pfe und vier H\u00e4nde am Werk, bis ein &#8222;SiAn-Kunst-St\u00fcck&#8220; wirklich fertig ist. Produktinformationen [&hellip;]<\/p>\n","protected":false},"author":2,"featured_media":0,"parent":0,"menu_order":0,"comment_status":"closed","ping_status":"closed","template":"","meta":{"ngg_post_thumbnail":0,"ocean_post_layout":"full-width","ocean_both_sidebars_style":"","ocean_both_sidebars_content_width":0,"ocean_both_sidebars_sidebars_width":0,"ocean_sidebar":"0","ocean_second_sidebar":"0","ocean_disable_margins":"enable","ocean_add_body_class":"","ocean_shortcode_before_top_bar":"","ocean_shortcode_after_top_bar":"","ocean_shortcode_before_header":"","ocean_shortcode_after_header":"","ocean_has_shortcode":"","ocean_shortcode_after_title":"","ocean_shortcode_before_footer_widgets":"","ocean_shortcode_after_footer_widgets":"","ocean_shortcode_before_footer_bottom":"","ocean_shortcode_after_footer_bottom":"","ocean_display_top_bar":"default","ocean_display_header":"default","ocean_header_style":"","ocean_center_header_left_menu":"0","ocean_custom_header_template":"0","ocean_custom_logo":0,"ocean_custom_retina_logo":0,"ocean_custom_logo_max_width":0,"ocean_custom_logo_tablet_max_width":0,"ocean_custom_logo_mobile_max_width":0,"ocean_custom_logo_max_height":0,"ocean_custom_logo_tablet_max_height":0,"ocean_custom_logo_mobile_max_height":0,"ocean_header_custom_menu":"0","ocean_menu_typo_font_family":"0","ocean_menu_typo_font_subset":"","ocean_menu_typo_font_size":0,"ocean_menu_typo_font_size_tablet":0,"ocean_menu_typo_font_size_mobile":0,"ocean_menu_typo_font_size_unit":"px","ocean_menu_typo_font_weight":"","ocean_menu_typo_font_weight_tablet":"","ocean_menu_typo_font_weight_mobile":"","ocean_menu_typo_transform":"","ocean_menu_typo_transform_tablet":"","ocean_menu_typo_transform_mobile":"","ocean_menu_typo_line_height":0,"ocean_menu_typo_line_height_tablet":0,"ocean_menu_typo_line_height_mobile":0,"ocean_menu_typo_line_height_unit":"","ocean_menu_typo_spacing":0,"ocean_menu_typo_spacing_tablet":0,"ocean_menu_typo_spacing_mobile":0,"ocean_menu_typo_spacing_unit":"","ocean_menu_link_color":"","ocean_menu_link_color_hover":"","ocean_menu_link_color_active":"","ocean_menu_link_background":"","ocean_menu_link_hover_background":"","ocean_menu_link_active_background":"","ocean_menu_social_links_bg":"","ocean_menu_social_hover_links_bg":"","ocean_menu_social_links_color":"","ocean_menu_social_hover_links_color":"","ocean_disable_title":"default","ocean_disable_heading":"default","ocean_post_title":"\u00dcber uns...","ocean_post_subheading":"","ocean_post_title_style":"","ocean_post_title_background_color":"","ocean_post_title_background":0,"ocean_post_title_bg_image_position":"","ocean_post_title_bg_image_attachment":"","ocean_post_title_bg_image_repeat":"","ocean_post_title_bg_image_size":"","ocean_post_title_height":0,"ocean_post_title_bg_overlay":0.5,"ocean_post_title_bg_overlay_color":"","ocean_disable_breadcrumbs":"default","ocean_breadcrumbs_color":"","ocean_breadcrumbs_separator_color":"","ocean_breadcrumbs_links_color":"","ocean_breadcrumbs_links_hover_color":"","ocean_display_footer_widgets":"default","ocean_display_footer_bottom":"default","ocean_custom_footer_template":"0","footnotes":""},"class_list":["post-392","page","type-page","status-publish","hentry","entry"],"_links":{"self":[{"href":"https:\/\/www.holzstuebli.de\/index.php?rest_route=\/wp\/v2\/pages\/392","targetHints":{"allow":["GET"]}}],"collection":[{"href":"https:\/\/www.holzstuebli.de\/index.php?rest_route=\/wp\/v2\/pages"}],"about":[{"href":"https:\/\/www.holzstuebli.de\/index.php?rest_route=\/wp\/v2\/types\/page"}],"author":[{"embeddable":true,"href":"https:\/\/www.holzstuebli.de\/index.php?rest_route=\/wp\/v2\/users\/2"}],"replies":[{"embeddable":true,"href":"https:\/\/www.holzstuebli.de\/index.php?rest_route=%2Fwp%2Fv2%2Fcomments&post=392"}],"version-history":[{"count":50,"href":"https:\/\/www.holzstuebli.de\/index.php?rest_route=\/wp\/v2\/pages\/392\/revisions"}],"predecessor-version":[{"id":1255,"href":"https:\/\/www.holzstuebli.de\/index.php?rest_route=\/wp\/v2\/pages\/392\/revisions\/1255"}],"wp:attachment":[{"href":"https:\/\/www.holzstuebli.de\/index.php?rest_route=%2Fwp%2Fv2%2Fmedia&parent=392"}],"curies":[{"name":"wp","href":"https:\/\/api.w.org\/{rel}","templated":true}]}}