{"id":1156,"date":"2024-03-06T10:01:32","date_gmt":"2024-03-06T09:01:32","guid":{"rendered":"https:\/\/www.holzstuebli.de\/?page_id=1156"},"modified":"2024-10-24T15:36:42","modified_gmt":"2024-10-24T13:36:42","slug":"agb","status":"publish","type":"page","link":"https:\/\/www.holzstuebli.de\/?page_id=1156","title":{"rendered":"AGB"},"content":{"rendered":"\n<h2 class=\"wp-block-heading\">Allgemeine Gesch\u00e4ftsbedingungen<\/h2>\n\n\n\n<p>bitte beachtet folgende Bedingungen:<\/p>\n\n\n\n<p>Als Kleinunternehmer sind wir im Sinne von \u00a7 19 Abs. 1 UStG von der Umsatzsteuer befreit &#8211; diese wird auf Rechnungen daher nicht ausgewiesen.<\/p>\n\n\n\n<p>Bis zu 14 Tage nach Erhalt der Ware hast du volles R\u00fcckgaberecht mit Anspruch auf R\u00fcckerstattung des Kaufpreises. Allerdings muss die Ware unbenutzt zur\u00fcckgesendet oder zur\u00fcckgegeben werden. Die Kosten f\u00fcr eine R\u00fccksendung tr\u00e4gt der K\u00e4ufer.<br>Risse und Verformungen geh\u00f6ren bei Holzobjekten zur Gestalt bzw. k\u00f6nnen je nach Umgebungsbedingungen auftreten; <br>sie sind kein Reklamationsgrund, siehe auch &#8222;<a href=\"https:\/\/www.holzstuebli.de\/?page_id=392#Eigenarten\" data-type=\"page\" data-id=\"392\" target=\"_blank\" rel=\"noreferrer noopener\">Eigenarten<\/a>&#8222;. Wir bitten um R\u00fccksprache, solltest du mit einem Objekt unzufrieden sein.<br>Au\u00dferdem zu beachten: Alle unsere Objekte sind reine Dekorationsobjekte. Bei unsachgem\u00e4\u00dfer Nutzung besteht kein Anspruch auf Schadenersatz. <br>Mit dem Kauf eines Objektes erkl\u00e4rst du dich mit unseren Bedingungen einverstanden.<\/p>\n","protected":false},"excerpt":{"rendered":"<p>Allgemeine Gesch\u00e4ftsbedingungen bitte beachtet folgende Bedingungen: Als Kleinunternehmer sind wir im Sinne von \u00a7 19 Abs. 1 UStG von der Umsatzsteuer befreit &#8211; diese wird auf Rechnungen daher nicht ausgewiesen. Bis zu 14 Tage nach Erhalt der Ware hast du volles R\u00fcckgaberecht mit Anspruch auf R\u00fcckerstattung des Kaufpreises. Allerdings muss die Ware unbenutzt zur\u00fcckgesendet oder [&hellip;]<\/p>\n","protected":false},"author":2,"featured_media":0,"parent":392,"menu_order":0,"comment_status":"closed","ping_status":"closed","template":"","meta":{"ngg_post_thumbnail":0,"ocean_post_layout":"","ocean_both_sidebars_style":"","ocean_both_sidebars_content_width":0,"ocean_both_sidebars_sidebars_width":0,"ocean_sidebar":"","ocean_second_sidebar":"","ocean_disable_margins":"enable","ocean_add_body_class":"","ocean_shortcode_before_top_bar":"","ocean_shortcode_after_top_bar":"","ocean_shortcode_before_header":"","ocean_shortcode_after_header":"","ocean_has_shortcode":"","ocean_shortcode_after_title":"","ocean_shortcode_before_footer_widgets":"","ocean_shortcode_after_footer_widgets":"","ocean_shortcode_before_footer_bottom":"","ocean_shortcode_after_footer_bottom":"","ocean_display_top_bar":"default","ocean_display_header":"default","ocean_header_style":"","ocean_center_header_left_menu":"","ocean_custom_header_template":"","ocean_custom_logo":0,"ocean_custom_retina_logo":0,"ocean_custom_logo_max_width":0,"ocean_custom_logo_tablet_max_width":0,"ocean_custom_logo_mobile_max_width":0,"ocean_custom_logo_max_height":0,"ocean_custom_logo_tablet_max_height":0,"ocean_custom_logo_mobile_max_height":0,"ocean_header_custom_menu":"","ocean_menu_typo_font_family":"","ocean_menu_typo_font_subset":"","ocean_menu_typo_font_size":0,"ocean_menu_typo_font_size_tablet":0,"ocean_menu_typo_font_size_mobile":0,"ocean_menu_typo_font_size_unit":"px","ocean_menu_typo_font_weight":"","ocean_menu_typo_font_weight_tablet":"","ocean_menu_typo_font_weight_mobile":"","ocean_menu_typo_transform":"","ocean_menu_typo_transform_tablet":"","ocean_menu_typo_transform_mobile":"","ocean_menu_typo_line_height":0,"ocean_menu_typo_line_height_tablet":0,"ocean_menu_typo_line_height_mobile":0,"ocean_menu_typo_line_height_unit":"","ocean_menu_typo_spacing":0,"ocean_menu_typo_spacing_tablet":0,"ocean_menu_typo_spacing_mobile":0,"ocean_menu_typo_spacing_unit":"","ocean_menu_link_color":"","ocean_menu_link_color_hover":"","ocean_menu_link_color_active":"","ocean_menu_link_background":"","ocean_menu_link_hover_background":"","ocean_menu_link_active_background":"","ocean_menu_social_links_bg":"","ocean_menu_social_hover_links_bg":"","ocean_menu_social_links_color":"","ocean_menu_social_hover_links_color":"","ocean_disable_title":"default","ocean_disable_heading":"default","ocean_post_title":"","ocean_post_subheading":"","ocean_post_title_style":"","ocean_post_title_background_color":"","ocean_post_title_background":0,"ocean_post_title_bg_image_position":"","ocean_post_title_bg_image_attachment":"","ocean_post_title_bg_image_repeat":"","ocean_post_title_bg_image_size":"","ocean_post_title_height":0,"ocean_post_title_bg_overlay":0.5,"ocean_post_title_bg_overlay_color":"","ocean_disable_breadcrumbs":"default","ocean_breadcrumbs_color":"","ocean_breadcrumbs_separator_color":"","ocean_breadcrumbs_links_color":"","ocean_breadcrumbs_links_hover_color":"","ocean_display_footer_widgets":"default","ocean_display_footer_bottom":"default","ocean_custom_footer_template":"","footnotes":""},"class_list":["post-1156","page","type-page","status-publish","hentry","entry"],"_links":{"self":[{"href":"https:\/\/www.holzstuebli.de\/index.php?rest_route=\/wp\/v2\/pages\/1156","targetHints":{"allow":["GET"]}}],"collection":[{"href":"https:\/\/www.holzstuebli.de\/index.php?rest_route=\/wp\/v2\/pages"}],"about":[{"href":"https:\/\/www.holzstuebli.de\/index.php?rest_route=\/wp\/v2\/types\/page"}],"author":[{"embeddable":true,"href":"https:\/\/www.holzstuebli.de\/index.php?rest_route=\/wp\/v2\/users\/2"}],"replies":[{"embeddable":true,"href":"https:\/\/www.holzstuebli.de\/index.php?rest_route=%2Fwp%2Fv2%2Fcomments&post=1156"}],"version-history":[{"count":5,"href":"https:\/\/www.holzstuebli.de\/index.php?rest_route=\/wp\/v2\/pages\/1156\/revisions"}],"predecessor-version":[{"id":1214,"href":"https:\/\/www.holzstuebli.de\/index.php?rest_route=\/wp\/v2\/pages\/1156\/revisions\/1214"}],"up":[{"embeddable":true,"href":"https:\/\/www.holzstuebli.de\/index.php?rest_route=\/wp\/v2\/pages\/392"}],"wp:attachment":[{"href":"https:\/\/www.holzstuebli.de\/index.php?rest_route=%2Fwp%2Fv2%2Fmedia&parent=1156"}],"curies":[{"name":"wp","href":"https:\/\/api.w.org\/{rel}","templated":true}]}}